{"id":446,"date":"2026-02-10T14:13:46","date_gmt":"2026-02-10T04:13:46","guid":{"rendered":"https:\/\/subscribe.p4.design\/?page_id=446"},"modified":"2026-03-13T09:03:51","modified_gmt":"2026-03-12T23:03:51","slug":"home","status":"publish","type":"page","link":"https:\/\/subscribe.p4.design\/","title":{"rendered":"Home"},"content":{"rendered":"\t\t<div data-elementor-type=\"wp-page\" data-elementor-id=\"446\" class=\"elementor elementor-446\" data-elementor-post-type=\"page\">\n\t\t\t\t<section class=\"elementor-element elementor-element-6621b0f e-con-full slider-section e-flex e-con e-parent\" data-id=\"6621b0f\" data-element_type=\"container\" data-e-type=\"container\" id=\"slider-section\">\n\t\t\t\t<div class=\"elementor-element elementor-element-3ea2b3a slider-container elementor--h-position-center elementor--v-position-middle elementor-widget elementor-widget-slides\" data-id=\"3ea2b3a\" data-element_type=\"widget\" data-e-type=\"widget\" id=\"slider-container\" data-settings=\"{&quot;navigation&quot;:&quot;none&quot;,&quot;transition&quot;:&quot;fade&quot;,&quot;autoplay&quot;:&quot;yes&quot;,&quot;autoplay_speed&quot;:5000,&quot;infinite&quot;:&quot;yes&quot;,&quot;transition_speed&quot;:500}\" data-widget_type=\"slides.default\">\n\t\t\t\t<div class=\"elementor-widget-container\">\n\t\t\t\t\t\t\t\t\t<div class=\"elementor-swiper\">\n\t\t\t\t\t<div class=\"elementor-slides-wrapper elementor-main-swiper swiper\" role=\"region\" aria-roledescription=\"carousel\" aria-label=\"Slides\" dir=\"ltr\" data-animation=\"\">\n\t\t\t\t<div class=\"swiper-wrapper elementor-slides\">\n\t\t\t\t\t\t\t\t\t\t<div class=\"elementor-repeater-item-0a781db swiper-slide\" role=\"group\" aria-roledescription=\"slide\"><div class=\"swiper-slide-bg\" role=\"img\" aria-label=\"Homepage_1920x1080_Villhem_May_2025\"><\/div><a class=\"swiper-slide-inner\" href=\"https:\/\/p4.design\/products\/villhem\/\"><div class=\"swiper-slide-contents\"><div class=\"elementor-slide-heading\">Villhem<\/div><div class=\"elementor-slide-description\">Bl\u00e5 Station<\/div><\/div><\/a><\/div><div class=\"elementor-repeater-item-bdb21e2 swiper-slide\" role=\"group\" aria-roledescription=\"slide\"><div class=\"swiper-slide-bg\" role=\"img\" aria-label=\"Homepage-1920x1080_Lucky\"><\/div><a class=\"swiper-slide-inner\" href=\"https:\/\/p4.design\/?s=Lucky\"><div class=\"swiper-slide-contents\"><div class=\"elementor-slide-heading\">Lucky<\/div><div class=\"elementor-slide-description\">Bl\u00e5 Station<\/div><\/div><\/a><\/div><div class=\"elementor-repeater-item-46258ae swiper-slide\" role=\"group\" aria-roledescription=\"slide\"><div class=\"swiper-slide-bg\" role=\"img\" aria-label=\"Homepage-1920x1080_BOB\"><\/div><a class=\"swiper-slide-inner\" href=\"https:\/\/p4.design\/?s=BOB\"><div class=\"swiper-slide-contents\"><div class=\"elementor-slide-heading\">BOB<\/div><div class=\"elementor-slide-description\">Bl\u00e5 Station<\/div><\/div><\/a><\/div><div class=\"elementor-repeater-item-904a444 swiper-slide\" role=\"group\" aria-roledescription=\"slide\"><div class=\"swiper-slide-bg\" role=\"img\" aria-label=\"Homepage-1920x1080_Mute-Modular\"><\/div><a class=\"swiper-slide-inner\" href=\"https:\/\/p4.design\/products\/modular\/\"><div class=\"swiper-slide-contents\"><div class=\"elementor-slide-heading\">Modular<\/div><div class=\"elementor-slide-description\">Mute<\/div><\/div><\/a><\/div><div class=\"elementor-repeater-item-b21a1ba swiper-slide\" role=\"group\" aria-roledescription=\"slide\"><div class=\"swiper-slide-bg\" role=\"img\" aria-label=\"Homepage-1920x1080_Nomade\"><\/div><a class=\"swiper-slide-inner\" href=\"https:\/\/p4.design\/?s=nomade\"><div class=\"swiper-slide-contents\"><div class=\"elementor-slide-heading\">Nomade<\/div><div class=\"elementor-slide-description\">True<\/div><\/div><\/a><\/div>\t\t\t\t<\/div>\n\t\t\t\t\t\t\t\t\t\t\t\t\t\t\t\t\t\t\t\t\t<\/div>\n\t\t\t\t<\/div>\n\t\t\t\t\t\t\t\t<\/div>\n\t\t\t\t<\/div>\n\t\t\t\t<\/section>\n\t\t<div class=\"elementor-element elementor-element-4f6a93b custom-popup e-flex e-con-boxed elementor-invisible e-con e-parent\" data-id=\"4f6a93b\" data-element_type=\"container\" data-e-type=\"container\" id=\"custom-popup\" data-settings=\"{&quot;position&quot;:&quot;absolute&quot;,&quot;animation&quot;:&quot;fadeIn&quot;}\">\n\t\t\t\t\t<div class=\"e-con-inner\">\n\t\t<div class=\"elementor-element elementor-element-75c61c9 e-con-full e-flex e-con e-child\" data-id=\"75c61c9\" data-element_type=\"container\" data-e-type=\"container\" data-settings=\"{&quot;background_background&quot;:&quot;classic&quot;}\">\n\t\t<div class=\"elementor-element elementor-element-a98ca50 e-con-full elementor-hidden-desktop elementor-hidden-widescreen e-flex e-con e-child\" data-id=\"a98ca50\" data-element_type=\"container\" data-e-type=\"container\">\n\t\t<div class=\"elementor-element elementor-element-e89a2ab e-flex e-con-boxed e-con e-child\" data-id=\"e89a2ab\" data-element_type=\"container\" data-e-type=\"container\">\n\t\t\t\t\t<div class=\"e-con-inner\">\n\t\t\t\t<div class=\"elementor-element elementor-element-645f345 elementor-widget-mobile__width-auto elementor-absolute elementor-widget elementor-widget-image\" data-id=\"645f345\" data-element_type=\"widget\" data-e-type=\"widget\" data-settings=\"{&quot;_position&quot;:&quot;absolute&quot;}\" data-widget_type=\"image.default\">\n\t\t\t\t<div class=\"elementor-widget-container\">\n\t\t\t\t\t\t\t\t\t\t\t\t\t\t\t<img decoding=\"async\" width=\"123\" height=\"70\" src=\"https:\/\/subscribe.p4.design\/wp-content\/uploads\/2025\/05\/p4-logo-white.webp\" class=\"attachment-full size-full wp-image-32\" alt=\"\" \/>\t\t\t\t\t\t\t\t\t\t\t\t\t\t\t<\/div>\n\t\t\t\t<\/div>\n\t\t\t\t<div class=\"elementor-element elementor-element-0fe268e elementor-widget-mobile__width-auto elementor-widget elementor-widget-heading\" data-id=\"0fe268e\" data-element_type=\"widget\" data-e-type=\"widget\" data-widget_type=\"heading.default\">\n\t\t\t\t<div class=\"elementor-widget-container\">\n\t\t\t\t\t<h2 class=\"elementor-heading-title elementor-size-default\">Subscribe<\/h2>\t\t\t\t<\/div>\n\t\t\t\t<\/div>\n\t\t\t\t<div class=\"elementor-element elementor-element-91edfa1 elementor-widget-mobile__width-initial elementor-hidden-widescreen elementor-hidden-desktop elementor-widget elementor-widget-heading\" data-id=\"91edfa1\" data-element_type=\"widget\" data-e-type=\"widget\" data-widget_type=\"heading.default\">\n\t\t\t\t<div class=\"elementor-widget-container\">\n\t\t\t\t\t<h2 class=\"elementor-heading-title elementor-size-default\">Let us keep you informed.<\/h2>\t\t\t\t<\/div>\n\t\t\t\t<\/div>\n\t\t\t\t\t<\/div>\n\t\t\t\t<\/div>\n\t\t\t\t<\/div>\n\t\t\t\t<div class=\"elementor-element elementor-element-f8e8af2 elementor-hidden-mobile elementor-hidden-laptop elementor-hidden-tablet_extra elementor-hidden-tablet elementor-hidden-mobile_extra elementor-widget elementor-widget-heading\" data-id=\"f8e8af2\" data-element_type=\"widget\" data-e-type=\"widget\" data-widget_type=\"heading.default\">\n\t\t\t\t<div class=\"elementor-widget-container\">\n\t\t\t\t\t<h2 class=\"elementor-heading-title elementor-size-default\">Subscribe<\/h2>\t\t\t\t<\/div>\n\t\t\t\t<\/div>\n\t\t\t\t<div class=\"elementor-element elementor-element-42336f6 elementor-widget-mobile__width-initial elementor-hidden-laptop elementor-hidden-tablet_extra elementor-hidden-tablet elementor-hidden-mobile_extra elementor-hidden-mobile elementor-widget elementor-widget-heading\" data-id=\"42336f6\" data-element_type=\"widget\" data-e-type=\"widget\" data-widget_type=\"heading.default\">\n\t\t\t\t<div class=\"elementor-widget-container\">\n\t\t\t\t\t<h2 class=\"elementor-heading-title elementor-size-default\">Let us keep you informed.<\/h2>\t\t\t\t<\/div>\n\t\t\t\t<\/div>\n\t\t<div class=\"elementor-element elementor-element-7ab26e9 e-con-full elementor-hidden-mobile e-flex e-con e-child\" data-id=\"7ab26e9\" data-element_type=\"container\" data-e-type=\"container\">\n\t\t\t\t<div class=\"elementor-element elementor-element-068fca9 bottom-logo elementor-hidden-laptop elementor-hidden-tablet_extra elementor-hidden-tablet elementor-hidden-mobile_extra elementor-widget elementor-widget-image\" data-id=\"068fca9\" data-element_type=\"widget\" data-e-type=\"widget\" id=\"bottom-logo\" data-widget_type=\"image.default\">\n\t\t\t\t<div class=\"elementor-widget-container\">\n\t\t\t\t\t\t\t\t\t\t\t\t\t\t\t<img decoding=\"async\" width=\"123\" height=\"70\" src=\"https:\/\/subscribe.p4.design\/wp-content\/uploads\/2025\/05\/p4-logo-white.webp\" class=\"attachment-full size-full wp-image-32\" alt=\"\" \/>\t\t\t\t\t\t\t\t\t\t\t\t\t\t\t<\/div>\n\t\t\t\t<\/div>\n\t\t\t\t<\/div>\n\t\t\t\t<\/div>\n\t\t<div class=\"elementor-element elementor-element-9caab9d e-con-full e-flex e-con e-child\" data-id=\"9caab9d\" data-element_type=\"container\" data-e-type=\"container\" data-settings=\"{&quot;background_background&quot;:&quot;classic&quot;}\">\n\t\t\t\t<div class=\"elementor-element elementor-element-8ca1f18 elementor-widget elementor-widget-shortcode\" data-id=\"8ca1f18\" data-element_type=\"widget\" data-e-type=\"widget\" data-widget_type=\"shortcode.default\">\n\t\t\t\t<div class=\"elementor-widget-container\">\n\t\t\t\t\t\t\t<div class=\"elementor-shortcode\"><div class=\"cmApp_embedFormContainer\" style=\"display:none;\"><\/div><div class=\"cmApp_FormButtonContainer\" style=\"display:none;\"><\/div><\/div>\n\t\t\t\t\t\t<\/div>\n\t\t\t\t<\/div>\n\t\t\t\t<\/div>\n\t\t\t\t\t<\/div>\n\t\t\t\t<\/div>\n\t\t\t\t<\/div>\n\t\t","protected":false},"excerpt":{"rendered":"<p>VillhemBl\u00e5 StationLuckyBl\u00e5 StationBOBBl\u00e5 StationModularMuteNomadeTrue Subscribe Let us keep you informed. Subscribe Let us keep you informed.<\/p>\n","protected":false},"author":4,"featured_media":0,"parent":0,"menu_order":0,"comment_status":"closed","ping_status":"closed","template":"elementor_canvas","meta":{"site-sidebar-layout":"no-sidebar","site-content-layout":"","ast-site-content-layout":"full-width-container","site-content-style":"default","site-sidebar-style":"default","ast-global-header-display":"","ast-banner-title-visibility":"","ast-main-header-display":"","ast-hfb-above-header-display":"","ast-hfb-below-header-display":"","ast-hfb-mobile-header-display":"","site-post-title":"","ast-breadcrumbs-content":"","ast-featured-img":"disabled","footer-sml-layout":"","ast-disable-related-posts":"","theme-transparent-header-meta":"","adv-header-id-meta":"","stick-header-meta":"","header-above-stick-meta":"","header-main-stick-meta":"","header-below-stick-meta":"","astra-migrate-meta-layouts":"default","ast-page-background-enabled":"default","ast-page-background-meta":{"desktop":{"background-color":"var(--ast-global-color-5)","background-image":"","background-repeat":"repeat","background-position":"center center","background-size":"auto","background-attachment":"scroll","background-type":"","background-media":"","overlay-type":"","overlay-color":"","overlay-opacity":"","overlay-gradient":""},"tablet":{"background-color":"","background-image":"","background-repeat":"repeat","background-position":"center center","background-size":"auto","background-attachment":"scroll","background-type":"","background-media":"","overlay-type":"","overlay-color":"","overlay-opacity":"","overlay-gradient":""},"mobile":{"background-color":"","background-image":"","background-repeat":"repeat","background-position":"center center","background-size":"auto","background-attachment":"scroll","background-type":"","background-media":"","overlay-type":"","overlay-color":"","overlay-opacity":"","overlay-gradient":""}},"ast-content-background-meta":{"desktop":{"background-color":"var(--ast-global-color-4)","background-image":"","background-repeat":"repeat","background-position":"center center","background-size":"auto","background-attachment":"scroll","background-type":"","background-media":"","overlay-type":"","overlay-color":"","overlay-opacity":"","overlay-gradient":""},"tablet":{"background-color":"var(--ast-global-color-4)","background-image":"","background-repeat":"repeat","background-position":"center center","background-size":"auto","background-attachment":"scroll","background-type":"","background-media":"","overlay-type":"","overlay-color":"","overlay-opacity":"","overlay-gradient":""},"mobile":{"background-color":"var(--ast-global-color-4)","background-image":"","background-repeat":"repeat","background-position":"center center","background-size":"auto","background-attachment":"scroll","background-type":"","background-media":"","overlay-type":"","overlay-color":"","overlay-opacity":"","overlay-gradient":""}},"footnotes":""},"class_list":["post-446","page","type-page","status-publish","hentry"],"_links":{"self":[{"href":"https:\/\/subscribe.p4.design\/index.php\/wp-json\/wp\/v2\/pages\/446","targetHints":{"allow":["GET"]}}],"collection":[{"href":"https:\/\/subscribe.p4.design\/index.php\/wp-json\/wp\/v2\/pages"}],"about":[{"href":"https:\/\/subscribe.p4.design\/index.php\/wp-json\/wp\/v2\/types\/page"}],"author":[{"embeddable":true,"href":"https:\/\/subscribe.p4.design\/index.php\/wp-json\/wp\/v2\/users\/4"}],"replies":[{"embeddable":true,"href":"https:\/\/subscribe.p4.design\/index.php\/wp-json\/wp\/v2\/comments?post=446"}],"version-history":[{"count":167,"href":"https:\/\/subscribe.p4.design\/index.php\/wp-json\/wp\/v2\/pages\/446\/revisions"}],"predecessor-version":[{"id":681,"href":"https:\/\/subscribe.p4.design\/index.php\/wp-json\/wp\/v2\/pages\/446\/revisions\/681"}],"wp:attachment":[{"href":"https:\/\/subscribe.p4.design\/index.php\/wp-json\/wp\/v2\/media?parent=446"}],"curies":[{"name":"wp","href":"https:\/\/api.w.org\/{rel}","templated":true}]}}